{"id":10121,"date":"2018-08-10T17:37:52","date_gmt":"2020-10-29T10:39:36","guid":{"rendered":"https:\/\/www.benjamincare.nl\/?post_type=product&#038;p=10121"},"modified":"2024-03-13T22:00:36","modified_gmt":"2024-03-13T21:00:36","slug":"benjamin-comfynest-set","status":"publish","type":"product","link":"https:\/\/www.benjamincare.nl\/de\/produkt\/benjamin-comfynest-set\/","title":{"rendered":"Benjamin ComfyNest-Satz"},"content":{"rendered":"<ul>\n<li>Die flexible und biegsame Innenrolle erm\u00f6glicht eine einfache Verkleinerung oder Vergr\u00f6\u00dferung des Nestes.<\/li>\n<li>Die vier Gurte bieten ausreichend M\u00f6glichkeiten, das Baby in der richtigen Position zu st\u00fctzen und von oben zu fixieren. Die Gurte helfen dem Baby, die Mittellage zu halten. Sie k\u00f6nnen sowohl gerade als auch quer um das Baby und die Einstreu herum angebracht werden.<\/li>\n<\/ul>\n<p><strong>Zus\u00e4tzliche Informationen<\/strong><\/p>\n<ul>\n<li>Erh\u00e4ltlich in zwei Gr\u00f6\u00dfen: Small (500 -1500 Gramm) und Large (1500-2500 Gramm).<\/li>\n<li>Die mit Pellets gef\u00fcllte Innenrolle ist abnehmbar und hat einen separaten, waschbaren Bezug.<\/li>\n<li>Auf der Unterseite der Teile befindet sich rutschfestes Material.<\/li>\n<li>Die Au\u00dfenbez\u00fcge bestehen aus einem hochentwickelten technischen Gewebe, das aus einer Mischung aus Polyester und Baumwolle besteht. Dieser Stoff trocknet viermal schneller als Baumwolle, verf\u00e4rbt sich nicht, schrumpft nicht und bleibt geruchsneutral.<\/li>\n<\/ul>\n<p><a href=\"https:\/\/www.benjamincare.nl\/wp-content\/uploads\/2016\/12\/Instructiekaart-Comfynest-Nederlands.pdf\">Sehen Sie sich HIER die ComfyNest-Anleitung an.<\/a><\/p>\n<p><a href=\"https:\/\/www.benjamincare.nl\/wp-content\/uploads\/2018\/05\/16024-0221-Comfynest-accessoires-Instructiekaart-v04.pdf\">Sehen Sie sich HIER die Anleitung f\u00fcr ComfyNest-Zubeh\u00f6r an.<\/a><\/p>\n","protected":false},"excerpt":{"rendered":"<p>Es ist wissenschaftlich erwiesen, dass Fr\u00fchgeborene ihre K\u00f6rpertemperatur in einem Nest besser halten k\u00f6nnen, was zu einem besseren Wachstum f\u00fchrt. Die Beengtheit des Nestes wirkt sich positiv auf die Atmung und die emotionale Ruhe aus. Positionierung und Abgrenzung reduzieren Stress, f\u00f6rdern gesundes Schlafverhalten und neurologische Entwicklung<\/p>\n<p>Das ComfyNest und sein Zubeh\u00f6r wurden entwickelt, um Fr\u00fchgeborene oder Babys mit geringem Geburtsgewicht in verschiedenen Positionen zu positionieren, zu st\u00fctzen und zu lagern. <a href=\"https:\/\/www.benjamincare.nl\/product\/benjamin-comfynest\/\">ComfyNest<\/a>, <a href=\"https:\/\/www.benjamincare.nl\/product\/benjamin-comfypillow\/\">ComfyPillow<\/a>, <a href=\"https:\/\/www.benjamincare.nl\/product\/benjamin-comfystar\/\">ComfyStar<\/a> und <a href=\"https:\/\/www.benjamincare.nl\/product\/benjamin-comfykiss\/\">ComfyKiss<\/a> k\u00f6nnen einzeln oder als Set verwendet werden. F\u00fcr eine optimale Positionierung empfehlen wir die Verwendung aller vier unten aufgef\u00fchrten Produkte.<\/p>\n<p>Das komplette Set besteht aus: <a href=\"https:\/\/www.benjamincare.nl\/product\/benjamin-comfynest\/\">ComfyNest<\/a>, <a href=\"https:\/\/www.benjamincare.nl\/product\/benjamin-comfypillow\/\">ComfyPillow<\/a>, <a href=\"https:\/\/www.benjamincare.nl\/product\/benjamin-comfystar\/\">ComfyStar<\/a> &amp; <a href=\"https:\/\/www.benjamincare.nl\/product\/benjamin-comfykiss\/\">ComfyKiss<\/a>.<\/p>\n","protected":false},"featured_media":8845,"comment_status":"open","ping_status":"closed","template":"","meta":[],"product_brand":[],"product_cat":[214,225,213,227,229],"product_tag":[],"class_list":{"0":"post-10121","1":"product","2":"type-product","3":"status-publish","4":"has-post-thumbnail","6":"product_cat-benjamin-de-2","7":"product_cat-comfykiss-de","8":"product_cat-comfynest-de","9":"product_cat-comfypillow-de","10":"product_cat-comfystar-de","12":"first","13":"instock","14":"taxable","15":"shipping-taxable","16":"purchasable","17":"product-type-variable"},"yoast_head":"<!-- This site is optimized with the Yoast SEO plugin v27.0 - https:\/\/yoast.com\/product\/yoast-seo-wordpress\/ -->\n<title>Benjamin ComfyNest-Satz - Comfynest und Zubeh\u00f6r - %<\/title>\n<meta name=\"description\" content=\"Sehen Sie sich das komplette ComfyNest-Paket hier an. Kaufen Sie das ComfyNest jetzt zusammen mit dem gesamten Zubeh\u00f6r, darunter das ComfyPillow und der ComfyStar.\" \/>\n<meta name=\"robots\" content=\"index, follow, max-snippet:-1, max-image-preview:large, max-video-preview:-1\" \/>\n<link rel=\"canonical\" href=\"https:\/\/www.benjamincare.nl\/de\/produkt\/benjamin-comfynest-set\/\" \/>\n<meta property=\"og:locale\" content=\"de_DE\" \/>\n<meta property=\"og:type\" content=\"article\" \/>\n<meta property=\"og:title\" content=\"Benjamin ComfyNest-Satz - Comfynest und Zubeh\u00f6r - %\" \/>\n<meta property=\"og:description\" content=\"Sehen Sie sich das komplette ComfyNest-Paket hier an. Kaufen Sie das ComfyNest jetzt zusammen mit dem gesamten Zubeh\u00f6r, darunter das ComfyPillow und der ComfyStar.\" \/>\n<meta property=\"og:url\" content=\"https:\/\/www.benjamincare.nl\/de\/produkt\/benjamin-comfynest-set\/\" \/>\n<meta property=\"og:site_name\" content=\"Benjamin Care\" \/>\n<meta property=\"og:image\" content=\"https:\/\/www.benjamincare.nl\/wp-content\/uploads\/2018\/05\/Benjamincare-Benjamin-Comfynest-set-compleet.jpg\" \/>\n\t<meta property=\"og:image:width\" content=\"2000\" \/>\n\t<meta property=\"og:image:height\" content=\"2000\" \/>\n\t<meta property=\"og:image:type\" content=\"image\/jpeg\" \/>\n<meta name=\"twitter:card\" content=\"summary_large_image\" \/>\n<script type=\"application\/ld+json\" class=\"yoast-schema-graph\">{\"@context\":\"https:\/\/schema.org\",\"@graph\":[{\"@type\":\"WebPage\",\"@id\":\"https:\/\/www.benjamincare.nl\/de\/produkt\/benjamin-comfynest-set\/\",\"url\":\"https:\/\/www.benjamincare.nl\/de\/produkt\/benjamin-comfynest-set\/\",\"name\":\"Benjamin ComfyNest-Satz - Comfynest und Zubeh\u00f6r - %\",\"isPartOf\":{\"@id\":\"https:\/\/www.benjamincare.nl\/de\/#website\"},\"primaryImageOfPage\":{\"@id\":\"https:\/\/www.benjamincare.nl\/de\/produkt\/benjamin-comfynest-set\/#primaryimage\"},\"image\":{\"@id\":\"https:\/\/www.benjamincare.nl\/de\/produkt\/benjamin-comfynest-set\/#primaryimage\"},\"thumbnailUrl\":\"https:\/\/www.benjamincare.nl\/wp-content\/uploads\/2018\/05\/Benjamincare-Benjamin-Comfynest-set-compleet.jpg\",\"description\":\"Sehen Sie sich das komplette ComfyNest-Paket hier an. Kaufen Sie das ComfyNest jetzt zusammen mit dem gesamten Zubeh\u00f6r, darunter das ComfyPillow und der ComfyStar.\",\"breadcrumb\":{\"@id\":\"https:\/\/www.benjamincare.nl\/de\/produkt\/benjamin-comfynest-set\/#breadcrumb\"},\"inLanguage\":\"de\",\"potentialAction\":[{\"@type\":\"ReadAction\",\"target\":[\"https:\/\/www.benjamincare.nl\/de\/produkt\/benjamin-comfynest-set\/\"]}]},{\"@type\":\"ImageObject\",\"inLanguage\":\"de\",\"@id\":\"https:\/\/www.benjamincare.nl\/de\/produkt\/benjamin-comfynest-set\/#primaryimage\",\"url\":\"https:\/\/www.benjamincare.nl\/wp-content\/uploads\/2018\/05\/Benjamincare-Benjamin-Comfynest-set-compleet.jpg\",\"contentUrl\":\"https:\/\/www.benjamincare.nl\/wp-content\/uploads\/2018\/05\/Benjamincare-Benjamin-Comfynest-set-compleet.jpg\",\"width\":2000,\"height\":2000,\"caption\":\"Benjamincare Benjamin Comfynest set komplett\"},{\"@type\":\"BreadcrumbList\",\"@id\":\"https:\/\/www.benjamincare.nl\/de\/produkt\/benjamin-comfynest-set\/#breadcrumb\",\"itemListElement\":[{\"@type\":\"ListItem\",\"position\":1,\"name\":\"Home\",\"item\":\"https:\/\/www.benjamincare.nl\/de\/\"},{\"@type\":\"ListItem\",\"position\":2,\"name\":\"Produkte\",\"item\":\"https:\/\/www.benjamincare.nl\/de\/shop\/\"},{\"@type\":\"ListItem\",\"position\":3,\"name\":\"Benjamin ComfyNest-Satz\"}]},{\"@type\":\"WebSite\",\"@id\":\"https:\/\/www.benjamincare.nl\/de\/#website\",\"url\":\"https:\/\/www.benjamincare.nl\/de\/\",\"name\":\"Benjamin Care\",\"description\":\"Hugmee, Kangaroo Sweater, ComfyNest\",\"publisher\":{\"@id\":\"https:\/\/www.benjamincare.nl\/de\/#organization\"},\"potentialAction\":[{\"@type\":\"SearchAction\",\"target\":{\"@type\":\"EntryPoint\",\"urlTemplate\":\"https:\/\/www.benjamincare.nl\/de\/?s={search_term_string}\"},\"query-input\":{\"@type\":\"PropertyValueSpecification\",\"valueRequired\":true,\"valueName\":\"search_term_string\"}}],\"inLanguage\":\"de\"},{\"@type\":\"Organization\",\"@id\":\"https:\/\/www.benjamincare.nl\/de\/#organization\",\"name\":\"Benjamin Care\",\"url\":\"https:\/\/www.benjamincare.nl\/de\/\",\"logo\":{\"@type\":\"ImageObject\",\"inLanguage\":\"de\",\"@id\":\"https:\/\/www.benjamincare.nl\/de\/#\/schema\/logo\/image\/\",\"url\":\"https:\/\/www.benjamincare.nl\/wp-content\/uploads\/2020\/09\/Logo-300x75-1.jpg\",\"contentUrl\":\"https:\/\/www.benjamincare.nl\/wp-content\/uploads\/2020\/09\/Logo-300x75-1.jpg\",\"width\":300,\"height\":75,\"caption\":\"Benjamin Care\"},\"image\":{\"@id\":\"https:\/\/www.benjamincare.nl\/de\/#\/schema\/logo\/image\/\"}}]}<\/script>\n<!-- \/ Yoast SEO plugin. -->","yoast_head_json":{"title":"Benjamin ComfyNest-Satz - Comfynest und Zubeh\u00f6r - %","description":"Sehen Sie sich das komplette ComfyNest-Paket hier an. Kaufen Sie das ComfyNest jetzt zusammen mit dem gesamten Zubeh\u00f6r, darunter das ComfyPillow und der ComfyStar.","robots":{"index":"index","follow":"follow","max-snippet":"max-snippet:-1","max-image-preview":"max-image-preview:large","max-video-preview":"max-video-preview:-1"},"canonical":"https:\/\/www.benjamincare.nl\/de\/produkt\/benjamin-comfynest-set\/","og_locale":"de_DE","og_type":"article","og_title":"Benjamin ComfyNest-Satz - Comfynest und Zubeh\u00f6r - %","og_description":"Sehen Sie sich das komplette ComfyNest-Paket hier an. Kaufen Sie das ComfyNest jetzt zusammen mit dem gesamten Zubeh\u00f6r, darunter das ComfyPillow und der ComfyStar.","og_url":"https:\/\/www.benjamincare.nl\/de\/produkt\/benjamin-comfynest-set\/","og_site_name":"Benjamin Care","og_image":[{"width":2000,"height":2000,"url":"https:\/\/www.benjamincare.nl\/wp-content\/uploads\/2018\/05\/Benjamincare-Benjamin-Comfynest-set-compleet.jpg","type":"image\/jpeg"}],"twitter_card":"summary_large_image","schema":{"@context":"https:\/\/schema.org","@graph":[{"@type":"WebPage","@id":"https:\/\/www.benjamincare.nl\/de\/produkt\/benjamin-comfynest-set\/","url":"https:\/\/www.benjamincare.nl\/de\/produkt\/benjamin-comfynest-set\/","name":"Benjamin ComfyNest-Satz - Comfynest und Zubeh\u00f6r - %","isPartOf":{"@id":"https:\/\/www.benjamincare.nl\/de\/#website"},"primaryImageOfPage":{"@id":"https:\/\/www.benjamincare.nl\/de\/produkt\/benjamin-comfynest-set\/#primaryimage"},"image":{"@id":"https:\/\/www.benjamincare.nl\/de\/produkt\/benjamin-comfynest-set\/#primaryimage"},"thumbnailUrl":"https:\/\/www.benjamincare.nl\/wp-content\/uploads\/2018\/05\/Benjamincare-Benjamin-Comfynest-set-compleet.jpg","description":"Sehen Sie sich das komplette ComfyNest-Paket hier an. Kaufen Sie das ComfyNest jetzt zusammen mit dem gesamten Zubeh\u00f6r, darunter das ComfyPillow und der ComfyStar.","breadcrumb":{"@id":"https:\/\/www.benjamincare.nl\/de\/produkt\/benjamin-comfynest-set\/#breadcrumb"},"inLanguage":"de","potentialAction":[{"@type":"ReadAction","target":["https:\/\/www.benjamincare.nl\/de\/produkt\/benjamin-comfynest-set\/"]}]},{"@type":"ImageObject","inLanguage":"de","@id":"https:\/\/www.benjamincare.nl\/de\/produkt\/benjamin-comfynest-set\/#primaryimage","url":"https:\/\/www.benjamincare.nl\/wp-content\/uploads\/2018\/05\/Benjamincare-Benjamin-Comfynest-set-compleet.jpg","contentUrl":"https:\/\/www.benjamincare.nl\/wp-content\/uploads\/2018\/05\/Benjamincare-Benjamin-Comfynest-set-compleet.jpg","width":2000,"height":2000,"caption":"Benjamincare Benjamin Comfynest set komplett"},{"@type":"BreadcrumbList","@id":"https:\/\/www.benjamincare.nl\/de\/produkt\/benjamin-comfynest-set\/#breadcrumb","itemListElement":[{"@type":"ListItem","position":1,"name":"Home","item":"https:\/\/www.benjamincare.nl\/de\/"},{"@type":"ListItem","position":2,"name":"Produkte","item":"https:\/\/www.benjamincare.nl\/de\/shop\/"},{"@type":"ListItem","position":3,"name":"Benjamin ComfyNest-Satz"}]},{"@type":"WebSite","@id":"https:\/\/www.benjamincare.nl\/de\/#website","url":"https:\/\/www.benjamincare.nl\/de\/","name":"Benjamin Care","description":"Hugmee, Kangaroo Sweater, ComfyNest","publisher":{"@id":"https:\/\/www.benjamincare.nl\/de\/#organization"},"potentialAction":[{"@type":"SearchAction","target":{"@type":"EntryPoint","urlTemplate":"https:\/\/www.benjamincare.nl\/de\/?s={search_term_string}"},"query-input":{"@type":"PropertyValueSpecification","valueRequired":true,"valueName":"search_term_string"}}],"inLanguage":"de"},{"@type":"Organization","@id":"https:\/\/www.benjamincare.nl\/de\/#organization","name":"Benjamin Care","url":"https:\/\/www.benjamincare.nl\/de\/","logo":{"@type":"ImageObject","inLanguage":"de","@id":"https:\/\/www.benjamincare.nl\/de\/#\/schema\/logo\/image\/","url":"https:\/\/www.benjamincare.nl\/wp-content\/uploads\/2020\/09\/Logo-300x75-1.jpg","contentUrl":"https:\/\/www.benjamincare.nl\/wp-content\/uploads\/2020\/09\/Logo-300x75-1.jpg","width":300,"height":75,"caption":"Benjamin Care"},"image":{"@id":"https:\/\/www.benjamincare.nl\/de\/#\/schema\/logo\/image\/"}}]}},"_links":{"self":[{"href":"https:\/\/www.benjamincare.nl\/de\/wp-json\/wp\/v2\/product\/10121","targetHints":{"allow":["GET"]}}],"collection":[{"href":"https:\/\/www.benjamincare.nl\/de\/wp-json\/wp\/v2\/product"}],"about":[{"href":"https:\/\/www.benjamincare.nl\/de\/wp-json\/wp\/v2\/types\/product"}],"replies":[{"embeddable":true,"href":"https:\/\/www.benjamincare.nl\/de\/wp-json\/wp\/v2\/comments?post=10121"}],"wp:featuredmedia":[{"embeddable":true,"href":"https:\/\/www.benjamincare.nl\/de\/wp-json\/wp\/v2\/media\/8845"}],"wp:attachment":[{"href":"https:\/\/www.benjamincare.nl\/de\/wp-json\/wp\/v2\/media?parent=10121"}],"wp:term":[{"taxonomy":"product_brand","embeddable":true,"href":"https:\/\/www.benjamincare.nl\/de\/wp-json\/wp\/v2\/product_brand?post=10121"},{"taxonomy":"product_cat","embeddable":true,"href":"https:\/\/www.benjamincare.nl\/de\/wp-json\/wp\/v2\/product_cat?post=10121"},{"taxonomy":"product_tag","embeddable":true,"href":"https:\/\/www.benjamincare.nl\/de\/wp-json\/wp\/v2\/product_tag?post=10121"}],"curies":[{"name":"wp","href":"https:\/\/api.w.org\/{rel}","templated":true}]}}